{"id":862,"date":"2011-09-23T15:15:41","date_gmt":"2011-09-23T15:15:41","guid":{"rendered":"http:\/\/rttheme18.demo-rt.com\/?page_id=5"},"modified":"2021-08-03T17:43:33","modified_gmt":"2021-08-03T22:43:33","slug":"about-us","status":"publish","type":"page","link":"https:\/\/aras.com.mx\/en\/about-us\/","title":{"rendered":"About us"},"content":{"rendered":"<div id=\"idTextPanel\">\n<p>At ARAS we create personalized courses including illustrations, animations and photographs for your online courses. Using technology such as Animate, Captivate, Photoshop, Audition, HTML5 for the correct visualization of courses on mobile devices.<\/p>\n<p>E-learning is called fully virtualized distance education through the new electronic channels.<\/p>\n<p>In the same way we can create courses in different languages such as: <strong>English, French, Portuguese, Mandarin Chinese and Arabic<\/strong>. We have native translators and voice-overs.<\/p>\n<h3>Reinforcement activities<\/h3>\n<p>We develop assessments with items that are randomly displayed from a question bank, ranging from multiple choice to interactive games, scenario-based training, and much more.<\/p>\n<blockquote><p>All the e-learning courses that we develop are personalized and meet the requirements of the SCORM model and our prices are the lowest in the market, because the most important thing for us is our clients.<\/p><\/blockquote>\n<p>Currently ARAS has 3 certifications, two in SCORM 1.2 and one in SCORM 2004.<\/p>\n<\/div>","protected":false},"excerpt":{"rendered":"<p>En ARAS creamos cursos personalizados incluyendo ilustraciones, animaciones, fotograf\u00edas y modelos 3D para sus cursos en l\u00ednea. Utilizando tecnolog\u00eda como Animate, Captivate, Photoshop, Audition, HTML5 para la correcta visualizaci\u00f3n de cursos en dispositivos m\u00f3viles. Se denomina aprendizaje electr\u00f3nico a la educaci\u00f3n a distancia completamente virtualizada a trav\u00e9s de los nuevos canales electr\u00f3nicos. De igual forma [&hellip;]<\/p>","protected":false},"author":1,"featured_media":0,"parent":0,"menu_order":0,"comment_status":"open","ping_status":"open","template":"","meta":{"footnotes":""},"_links":{"self":[{"href":"https:\/\/aras.com.mx\/en\/wp-json\/wp\/v2\/pages\/862"}],"collection":[{"href":"https:\/\/aras.com.mx\/en\/wp-json\/wp\/v2\/pages"}],"about":[{"href":"https:\/\/aras.com.mx\/en\/wp-json\/wp\/v2\/types\/page"}],"author":[{"embeddable":true,"href":"https:\/\/aras.com.mx\/en\/wp-json\/wp\/v2\/users\/1"}],"replies":[{"embeddable":true,"href":"https:\/\/aras.com.mx\/en\/wp-json\/wp\/v2\/comments?post=862"}],"version-history":[{"count":12,"href":"https:\/\/aras.com.mx\/en\/wp-json\/wp\/v2\/pages\/862\/revisions"}],"predecessor-version":[{"id":2366,"href":"https:\/\/aras.com.mx\/en\/wp-json\/wp\/v2\/pages\/862\/revisions\/2366"}],"wp:attachment":[{"href":"https:\/\/aras.com.mx\/en\/wp-json\/wp\/v2\/media?parent=862"}],"curies":[{"name":"wp","href":"https:\/\/api.w.org\/{rel}","templated":true}]}}