{"id":2455,"date":"2023-02-24T10:00:08","date_gmt":"2023-02-24T16:00:08","guid":{"rendered":"https:\/\/aras.com.mx\/?page_id=2455"},"modified":"2023-02-24T10:34:27","modified_gmt":"2023-02-24T16:34:27","slug":"politica-de-privacidad","status":"publish","type":"page","link":"https:\/\/aras.com.mx\/en\/politica-de-privacidad\/","title":{"rendered":"Privacy Policy"},"content":{"rendered":"<p class=\" translation-block\">Aras Technology for Training is committed to protecting the privacy of users of its website located at <a href=\"https:\/\/aras.com.mx\" target=\"_self\">www.aras.com.mx<\/a>. This privacy policy explains how we collect, use, share, and protect users' personal information. By using our website, you agree to the terms of this privacy policy.<\/p>\n\n\n\n<p><strong>Collection of personal information <\/strong><br><br>We collect personal information when users voluntarily provide us with information, such as by submitting a contact form, registration form, subscribing to our newsletter, or making a purchase. The information we may collect includes, among other things, your name, email address, phone number, and mailing address.<\/p>\n\n\n\n<p>In addition, we may automatically collect technical and usage information, such as your IP address, browser type, preferred language, date and time of access, and pages visited, as well as general location information.<\/p>\n\n\n\n<p><strong>Use of personal information <\/strong><br><br>We use personal information to provide and improve our products and services, to send information about our products and services, to communicate with users, and to comply with our legal obligations. We may share personal information with third parties who help us provide our products and services, such as payment processors and shipping service providers.<\/p>\n\n\n\n<p><strong>Protection of personal information <\/strong><br><br>We maintain administrative, technical, and physical security measures to protect personal information against loss, misuse, unauthorized access, disclosure, alteration, and destruction.<\/p>\n\n\n\n<p><strong>Privacy rights of users <\/strong><br><br>Users have the right to access, correct, and delete their personal information, as well as to object to the processing of their personal information. To do so, they can contact us through the email address <a href=\"mailto:info@aras.com.mx\">info@aras.com.mx<\/a>.<\/p>\n\n\n\n<p><strong>Changes to this privacy policy <\/strong><br><br>We reserve the right to change this privacy policy at any time and without prior notice. Any changes will be effective immediately upon our posting of the updated privacy policy on our website.<\/p>","protected":false},"excerpt":{"rendered":"<p>Aras Technology for Training se compromete a proteger la privacidad de los usuarios de su sitio web ubicado en la direcci\u00f3n www.aras.com.mx. Esta pol\u00edtica de privacidad explica c\u00f3mo recopilamos, utilizamos, compartimos y protegemos la informaci\u00f3n personal de los usuarios. Al utilizar nuestro sitio web, acepta los t\u00e9rminos de esta pol\u00edtica de privacidad. Recopilaci\u00f3n de informaci\u00f3n [&hellip;]<\/p>","protected":false},"author":1,"featured_media":0,"parent":0,"menu_order":0,"comment_status":"closed","ping_status":"closed","template":"","meta":{"footnotes":""},"_links":{"self":[{"href":"https:\/\/aras.com.mx\/en\/wp-json\/wp\/v2\/pages\/2455"}],"collection":[{"href":"https:\/\/aras.com.mx\/en\/wp-json\/wp\/v2\/pages"}],"about":[{"href":"https:\/\/aras.com.mx\/en\/wp-json\/wp\/v2\/types\/page"}],"author":[{"embeddable":true,"href":"https:\/\/aras.com.mx\/en\/wp-json\/wp\/v2\/users\/1"}],"replies":[{"embeddable":true,"href":"https:\/\/aras.com.mx\/en\/wp-json\/wp\/v2\/comments?post=2455"}],"version-history":[{"count":2,"href":"https:\/\/aras.com.mx\/en\/wp-json\/wp\/v2\/pages\/2455\/revisions"}],"predecessor-version":[{"id":2461,"href":"https:\/\/aras.com.mx\/en\/wp-json\/wp\/v2\/pages\/2455\/revisions\/2461"}],"wp:attachment":[{"href":"https:\/\/aras.com.mx\/en\/wp-json\/wp\/v2\/media?parent=2455"}],"curies":[{"name":"wp","href":"https:\/\/api.w.org\/{rel}","templated":true}]}}