{"id":2263,"date":"2021-06-04T02:38:44","date_gmt":"2021-06-04T07:38:44","guid":{"rendered":"https:\/\/aras.com.mx\/?page_id=2263"},"modified":"2021-08-03T17:42:57","modified_gmt":"2021-08-03T22:42:57","slug":"flash%e2%86%92html5","status":"publish","type":"page","link":"https:\/\/aras.com.mx\/en\/flash%e2%86%92html5\/","title":{"rendered":"FLASH\u2192HTML5"},"content":{"rendered":"<p class=\"has-text-align-left\"><\/p>\n\n\n\n<div class=\"wp-block-columns is-layout-flex wp-container-3 wp-block-columns-is-layout-flex\">\n<div class=\"wp-block-column is-layout-flow wp-block-column-is-layout-flow\">\n<figure class=\"wp-block-image size-large\"><img decoding=\"async\" loading=\"lazy\" width=\"5000\" height=\"5000\" src=\"https:\/\/aras.com.mx\/wp-content\/uploads\/2021\/06\/image01.png\" alt=\"\" class=\"wp-image-2291\"\/><\/figure>\n<\/div>\n\n\n\n<div class=\"wp-block-column is-layout-flow wp-block-column-is-layout-flow\">\n<p>In 2020, most browsers stopped playing Flash (such as Google's Chrome) have been reporting for a long time that they will stop working with Flash, so all the courses must be migrated to a new environment.<\/p>\n\n\n\n<p>How can the end of Flash affect the elearning industry? Will the various resources that companies have already invested in be lost?<\/p>\n\n\n\n<p>Those most affected by this need to migrate content from Flash to HTML5 will be elearning content that contains multimedia playback or video games, since the complexity of their development makes the task difficult.<\/p>\n\n\n\n<p><strong>DO NOT WORRY WE WILL SOLVE IT<\/strong><\/p>\n\n\n\n<p>We migrate your Flash content to HTML5 \/ SCORM quickly and easily. Trust our experienced team and update your courses developed in Flash to HTML5, contact us and we can make you a budget.<\/p>\n<\/div>\n<\/div>","protected":false},"excerpt":{"rendered":"<p>En 2020, la mayor\u00eda de los navegadores dejaron de reproducir Flash. Hace varios a\u00f1os que esto se ve\u00eda venir y algunos navegadores (como Chrome de Google) llevan bastante tiempo informando que dejar\u00e1n de funcionar con Flash, por lo que se deber\u00e1 migrar hacia un nuevo entorno. \u00bfC\u00f3mo puede afectar esto? \u00bfc\u00f3mo puede influir el fin [&hellip;]<\/p>","protected":false},"author":1,"featured_media":0,"parent":0,"menu_order":0,"comment_status":"closed","ping_status":"closed","template":"","meta":{"footnotes":""},"_links":{"self":[{"href":"https:\/\/aras.com.mx\/en\/wp-json\/wp\/v2\/pages\/2263"}],"collection":[{"href":"https:\/\/aras.com.mx\/en\/wp-json\/wp\/v2\/pages"}],"about":[{"href":"https:\/\/aras.com.mx\/en\/wp-json\/wp\/v2\/types\/page"}],"author":[{"embeddable":true,"href":"https:\/\/aras.com.mx\/en\/wp-json\/wp\/v2\/users\/1"}],"replies":[{"embeddable":true,"href":"https:\/\/aras.com.mx\/en\/wp-json\/wp\/v2\/comments?post=2263"}],"version-history":[{"count":15,"href":"https:\/\/aras.com.mx\/en\/wp-json\/wp\/v2\/pages\/2263\/revisions"}],"predecessor-version":[{"id":2364,"href":"https:\/\/aras.com.mx\/en\/wp-json\/wp\/v2\/pages\/2263\/revisions\/2364"}],"wp:attachment":[{"href":"https:\/\/aras.com.mx\/en\/wp-json\/wp\/v2\/media?parent=2263"}],"curies":[{"name":"wp","href":"https:\/\/api.w.org\/{rel}","templated":true}]}}